{"id":5309,"date":"2023-06-06T13:16:45","date_gmt":"2023-06-06T13:16:45","guid":{"rendered":"https:\/\/www.vocazone.nadlo.ch\/arabisch-uebersetzung\/"},"modified":"2025-07-03T13:53:21","modified_gmt":"2025-07-03T13:53:21","slug":"arabisch-uebersetzung","status":"publish","type":"page","link":"https:\/\/www.vocazone.nadlo.ch\/en\/arabisch-uebersetzung\/","title":{"rendered":"Arabisch \u00dcbersetzungen"},"content":{"rendered":"\n<p>Sie ben\u00f6tigen professionelle \u00dcbersetzungen in die arabische Sprache? Unser \u00dcbersetzungsdienst bietet Ihnen hochwertige und pr\u00e4zise \u00dcbersetzungen, die Ihren Anforderungen entsprechen. Unsere erfahrenen arabischen \u00dcbersetzer sind Muttersprachler und verf\u00fcgen \u00fcber umfangreiche Kenntnisse in verschiedenen Fachgebieten.<\/p>\n\n\n\n<p>Egal ob Sie technische Dokumente, juristische Texte, medizinische Berichte oder gesch\u00e4ftliche Unterlagen \u00fcbersetzen lassen m\u00f6chten, wir stellen sicher, dass Ihre Inhalte sprachlich und kulturell korrekt \u00fcbertragen werden. Unsere \u00dcbersetzer sind mit den regionalen Unterschieden der arabischen Sprache vertraut und ber\u00fccksichtigen diese bei der \u00dcbersetzung.<\/p>\n\n\n\n<p>Zus\u00e4tzlich bieten wir auch SEO-optimierte \u00dcbersetzungen an, um sicherzustellen, dass Ihre Inhalte in arabischen Suchmaschinen gut gefunden werden. Durch die Integration relevanter Keywords und die Anpassung an die arabischen Suchgewohnheiten steigern wir die Sichtbarkeit Ihrer Website und erm\u00f6glichen eine effektive Zielgruppenansprache.<\/p>\n\n\n\n<p>Vertrauen Sie auf unsere Expertise und erhalten Sie exzellente \u00dcbersetzungen in die arabische Sprache, die Ihre Anforderungen erf\u00fcllen. Kontaktieren Sie uns noch heute f\u00fcr ein individuelles Angebot und lassen Sie Ihre Inhalte erfolgreich auf dem arabischen Markt pr\u00e4sentieren.<\/p>\n","protected":false},"excerpt":{"rendered":"<p>Sie ben\u00f6tigen professionelle \u00dcbersetzungen in die arabische Sprache? Unser \u00dcbersetzungsdienst bietet Ihnen hochwertige und pr\u00e4zise \u00dcbersetzungen, die Ihren Anforderungen entsprechen. Unsere erfahrenen arabischen \u00dcbersetzer sind Muttersprachler und verf\u00fcgen \u00fcber umfangreiche Kenntnisse in verschiedenen Fachgebieten. Egal ob Sie technische Dokumente, juristische Texte, medizinische Berichte oder gesch\u00e4ftliche Unterlagen \u00fcbersetzen lassen m\u00f6chten, wir stellen sicher, dass Ihre Inhalte [&hellip;]<\/p>\n","protected":false},"author":1,"featured_media":4310,"parent":0,"menu_order":0,"comment_status":"closed","ping_status":"closed","template":"template-seo.php","meta":{"_acf_changed":false,"inline_featured_image":false,"footnotes":""},"class_list":["post-5309","page","type-page","status-publish","has-post-thumbnail","hentry"],"acf":[],"yoast_head":"<!-- This site is optimized with the Yoast SEO plugin v25.4 - https:\/\/yoast.com\/wordpress\/plugins\/seo\/ -->\n<title>Arabisch \u00dcbersetzungen - VocaZone<\/title>\n<meta name=\"robots\" content=\"noindex, follow, max-snippet:-1, max-image-preview:large, max-video-preview:-1\" \/>\n<meta property=\"og:locale\" content=\"en_US\" \/>\n<meta property=\"og:type\" content=\"article\" \/>\n<meta property=\"og:title\" content=\"Arabisch \u00dcbersetzungen - VocaZone\" \/>\n<meta property=\"og:description\" content=\"Sie ben\u00f6tigen professionelle \u00dcbersetzungen in die arabische Sprache? Unser \u00dcbersetzungsdienst bietet Ihnen hochwertige und pr\u00e4zise \u00dcbersetzungen, die Ihren Anforderungen entsprechen. Unsere erfahrenen arabischen \u00dcbersetzer sind Muttersprachler und verf\u00fcgen \u00fcber umfangreiche Kenntnisse in verschiedenen Fachgebieten. Egal ob Sie technische Dokumente, juristische Texte, medizinische Berichte oder gesch\u00e4ftliche Unterlagen \u00fcbersetzen lassen m\u00f6chten, wir stellen sicher, dass Ihre Inhalte [&hellip;]\" \/>\n<meta property=\"og:url\" content=\"https:\/\/www.vocazone.nadlo.ch\/en\/arabisch-uebersetzung\/\" \/>\n<meta property=\"og:site_name\" content=\"VocaZone\" \/>\n<meta property=\"article:modified_time\" content=\"2025-07-03T13:53:21+00:00\" \/>\n<meta property=\"og:image\" content=\"https:\/\/www.vocazone.nadlo.ch\/wp-content\/uploads\/2023\/06\/pexels-tima-miroshnichenko-6010467.jpg\" \/>\n\t<meta property=\"og:image:width\" content=\"1280\" \/>\n\t<meta property=\"og:image:height\" content=\"1920\" \/>\n\t<meta property=\"og:image:type\" content=\"image\/jpeg\" \/>\n<meta name=\"twitter:card\" content=\"summary_large_image\" \/>\n<meta name=\"twitter:label1\" content=\"Est. reading time\" \/>\n\t<meta name=\"twitter:data1\" content=\"1 minute\" \/>\n<script type=\"application\/ld+json\" class=\"yoast-schema-graph\">{\"@context\":\"https:\/\/schema.org\",\"@graph\":[{\"@type\":\"WebPage\",\"@id\":\"https:\/\/www.vocazone.nadlo.ch\/en\/arabisch-uebersetzung\/\",\"url\":\"https:\/\/www.vocazone.nadlo.ch\/en\/arabisch-uebersetzung\/\",\"name\":\"Arabisch \u00dcbersetzungen - VocaZone\",\"isPartOf\":{\"@id\":\"https:\/\/www.vocazone.nadlo.ch\/#website\"},\"primaryImageOfPage\":{\"@id\":\"https:\/\/www.vocazone.nadlo.ch\/en\/arabisch-uebersetzung\/#primaryimage\"},\"image\":{\"@id\":\"https:\/\/www.vocazone.nadlo.ch\/en\/arabisch-uebersetzung\/#primaryimage\"},\"thumbnailUrl\":\"https:\/\/www.vocazone.nadlo.ch\/wp-content\/uploads\/2023\/06\/pexels-tima-miroshnichenko-6010467.jpg\",\"datePublished\":\"2023-06-06T13:16:45+00:00\",\"dateModified\":\"2025-07-03T13:53:21+00:00\",\"breadcrumb\":{\"@id\":\"https:\/\/www.vocazone.nadlo.ch\/en\/arabisch-uebersetzung\/#breadcrumb\"},\"inLanguage\":\"en-US\",\"potentialAction\":[{\"@type\":\"ReadAction\",\"target\":[\"https:\/\/www.vocazone.nadlo.ch\/en\/arabisch-uebersetzung\/\"]}]},{\"@type\":\"ImageObject\",\"inLanguage\":\"en-US\",\"@id\":\"https:\/\/www.vocazone.nadlo.ch\/en\/arabisch-uebersetzung\/#primaryimage\",\"url\":\"https:\/\/www.vocazone.nadlo.ch\/wp-content\/uploads\/2023\/06\/pexels-tima-miroshnichenko-6010467.jpg\",\"contentUrl\":\"https:\/\/www.vocazone.nadlo.ch\/wp-content\/uploads\/2023\/06\/pexels-tima-miroshnichenko-6010467.jpg\",\"width\":1280,\"height\":1920},{\"@type\":\"BreadcrumbList\",\"@id\":\"https:\/\/www.vocazone.nadlo.ch\/en\/arabisch-uebersetzung\/#breadcrumb\",\"itemListElement\":[{\"@type\":\"ListItem\",\"position\":1,\"name\":\"Home\",\"item\":\"https:\/\/www.vocazone.nadlo.ch\/en\/\"},{\"@type\":\"ListItem\",\"position\":2,\"name\":\"Arabisch \u00dcbersetzungen\"}]},{\"@type\":\"WebSite\",\"@id\":\"https:\/\/www.vocazone.nadlo.ch\/#website\",\"url\":\"https:\/\/www.vocazone.nadlo.ch\/\",\"name\":\"VocaZone\",\"description\":\"\",\"potentialAction\":[{\"@type\":\"SearchAction\",\"target\":{\"@type\":\"EntryPoint\",\"urlTemplate\":\"https:\/\/www.vocazone.nadlo.ch\/?s={search_term_string}\"},\"query-input\":{\"@type\":\"PropertyValueSpecification\",\"valueRequired\":true,\"valueName\":\"search_term_string\"}}],\"inLanguage\":\"en-US\"}]}<\/script>\n<!-- \/ Yoast SEO plugin. -->","yoast_head_json":{"title":"Arabisch \u00dcbersetzungen - VocaZone","robots":{"index":"noindex","follow":"follow","max-snippet":"max-snippet:-1","max-image-preview":"max-image-preview:large","max-video-preview":"max-video-preview:-1"},"og_locale":"en_US","og_type":"article","og_title":"Arabisch \u00dcbersetzungen - VocaZone","og_description":"Sie ben\u00f6tigen professionelle \u00dcbersetzungen in die arabische Sprache? Unser \u00dcbersetzungsdienst bietet Ihnen hochwertige und pr\u00e4zise \u00dcbersetzungen, die Ihren Anforderungen entsprechen. Unsere erfahrenen arabischen \u00dcbersetzer sind Muttersprachler und verf\u00fcgen \u00fcber umfangreiche Kenntnisse in verschiedenen Fachgebieten. Egal ob Sie technische Dokumente, juristische Texte, medizinische Berichte oder gesch\u00e4ftliche Unterlagen \u00fcbersetzen lassen m\u00f6chten, wir stellen sicher, dass Ihre Inhalte [&hellip;]","og_url":"https:\/\/www.vocazone.nadlo.ch\/en\/arabisch-uebersetzung\/","og_site_name":"VocaZone","article_modified_time":"2025-07-03T13:53:21+00:00","og_image":[{"width":1280,"height":1920,"url":"https:\/\/www.vocazone.nadlo.ch\/wp-content\/uploads\/2023\/06\/pexels-tima-miroshnichenko-6010467.jpg","type":"image\/jpeg"}],"twitter_card":"summary_large_image","twitter_misc":{"Est. reading time":"1 minute"},"schema":{"@context":"https:\/\/schema.org","@graph":[{"@type":"WebPage","@id":"https:\/\/www.vocazone.nadlo.ch\/en\/arabisch-uebersetzung\/","url":"https:\/\/www.vocazone.nadlo.ch\/en\/arabisch-uebersetzung\/","name":"Arabisch \u00dcbersetzungen - VocaZone","isPartOf":{"@id":"https:\/\/www.vocazone.nadlo.ch\/#website"},"primaryImageOfPage":{"@id":"https:\/\/www.vocazone.nadlo.ch\/en\/arabisch-uebersetzung\/#primaryimage"},"image":{"@id":"https:\/\/www.vocazone.nadlo.ch\/en\/arabisch-uebersetzung\/#primaryimage"},"thumbnailUrl":"https:\/\/www.vocazone.nadlo.ch\/wp-content\/uploads\/2023\/06\/pexels-tima-miroshnichenko-6010467.jpg","datePublished":"2023-06-06T13:16:45+00:00","dateModified":"2025-07-03T13:53:21+00:00","breadcrumb":{"@id":"https:\/\/www.vocazone.nadlo.ch\/en\/arabisch-uebersetzung\/#breadcrumb"},"inLanguage":"en-US","potentialAction":[{"@type":"ReadAction","target":["https:\/\/www.vocazone.nadlo.ch\/en\/arabisch-uebersetzung\/"]}]},{"@type":"ImageObject","inLanguage":"en-US","@id":"https:\/\/www.vocazone.nadlo.ch\/en\/arabisch-uebersetzung\/#primaryimage","url":"https:\/\/www.vocazone.nadlo.ch\/wp-content\/uploads\/2023\/06\/pexels-tima-miroshnichenko-6010467.jpg","contentUrl":"https:\/\/www.vocazone.nadlo.ch\/wp-content\/uploads\/2023\/06\/pexels-tima-miroshnichenko-6010467.jpg","width":1280,"height":1920},{"@type":"BreadcrumbList","@id":"https:\/\/www.vocazone.nadlo.ch\/en\/arabisch-uebersetzung\/#breadcrumb","itemListElement":[{"@type":"ListItem","position":1,"name":"Home","item":"https:\/\/www.vocazone.nadlo.ch\/en\/"},{"@type":"ListItem","position":2,"name":"Arabisch \u00dcbersetzungen"}]},{"@type":"WebSite","@id":"https:\/\/www.vocazone.nadlo.ch\/#website","url":"https:\/\/www.vocazone.nadlo.ch\/","name":"VocaZone","description":"","potentialAction":[{"@type":"SearchAction","target":{"@type":"EntryPoint","urlTemplate":"https:\/\/www.vocazone.nadlo.ch\/?s={search_term_string}"},"query-input":{"@type":"PropertyValueSpecification","valueRequired":true,"valueName":"search_term_string"}}],"inLanguage":"en-US"}]}},"_links":{"self":[{"href":"https:\/\/www.vocazone.nadlo.ch\/en\/wp-json\/wp\/v2\/pages\/5309","targetHints":{"allow":["GET"]}}],"collection":[{"href":"https:\/\/www.vocazone.nadlo.ch\/en\/wp-json\/wp\/v2\/pages"}],"about":[{"href":"https:\/\/www.vocazone.nadlo.ch\/en\/wp-json\/wp\/v2\/types\/page"}],"author":[{"embeddable":true,"href":"https:\/\/www.vocazone.nadlo.ch\/en\/wp-json\/wp\/v2\/users\/1"}],"replies":[{"embeddable":true,"href":"https:\/\/www.vocazone.nadlo.ch\/en\/wp-json\/wp\/v2\/comments?post=5309"}],"version-history":[{"count":1,"href":"https:\/\/www.vocazone.nadlo.ch\/en\/wp-json\/wp\/v2\/pages\/5309\/revisions"}],"predecessor-version":[{"id":5311,"href":"https:\/\/www.vocazone.nadlo.ch\/en\/wp-json\/wp\/v2\/pages\/5309\/revisions\/5311"}],"wp:featuredmedia":[{"embeddable":true,"href":"https:\/\/www.vocazone.nadlo.ch\/en\/wp-json\/wp\/v2\/media\/4310"}],"wp:attachment":[{"href":"https:\/\/www.vocazone.nadlo.ch\/en\/wp-json\/wp\/v2\/media?parent=5309"}],"curies":[{"name":"wp","href":"https:\/\/api.w.org\/{rel}","templated":true}]}}